{"id":2045,"date":"2015-04-22T12:08:28","date_gmt":"2015-04-22T12:08:28","guid":{"rendered":"http:\/\/aquapark.ee\/hotell-2\/"},"modified":"2024-09-25T06:49:13","modified_gmt":"2024-09-25T06:49:13","slug":"hotel","status":"publish","type":"page","link":"https:\/\/aquapark.ee\/en\/hotel\/","title":{"rendered":"Tallinn Viimsi SPA Hotel"},"content":{"rendered":"<p>Tallinn Viimsi SPA on spaa- ja hotellikompleks Viimsi poolsaarel, Tallinna kesklinnast 15 minutise autos\u00f5idu kaugusel.<\/p>\n<p>Tallinn Viimsi SPA hotellis on teil v\u00f5imalus aktiivselt ja tervislikult puhata ning l\u00f5\u00f5gastuda. Hotellis on 110 kaasaegselt sisustatud numbrituba, ilu- ja tervisekeskus, lastekeskus, saunakeskus peredele, SPA18+ ainult t\u00e4iskasvanutele ning spordikeskus. 2014 aasta kevadel avasime Eesti uusima ja moodsaima kino- ja konverentsikeskuse Viimsi Kino ning t\u00f5elise inglise pubi Black Rose.<\/p>\n<p>Tallinn Viimsi SPA hotelli juurde kuulub Eesti suurim spaa- ja saunakompleks 15 saunaga. Augustis 2015 avame Atlantis H2O Veekeskuse. Interaktiivne veekeskus on unikaalne ekspositsioon, kus omavahel on \u00fchendatud veekeskuse meelelahutus ning avastuskeskuse p\u00f5nevus.<\/p>\n<p>Lingid: \u201cBroneeri tuba\u201d, \u201cLoe l\u00e4hemalt\u201d, \u201cHind alates\u201d, \u201cKontrolli hindu ja saadavust\u201d<\/p>\n<p>&nbsp;<\/p>\n<p><strong>Meie spaa hotellis on: <\/strong><\/p>\n<ul>\n<li>3 saunaga sviiti<\/li>\n<li>3 mullivanniga sviiti<\/li>\n<li>22 superior tuba<\/li>\n<li>8 peretuba<\/li>\n<li>2 tuba erivajadustega inimestele<\/li>\n<li>72 standardtuba<\/li>\n<li>Sisseregistreerimine alates kell 14:00<\/li>\n<li>V\u00e4ljaregistreerimine kell 12:00<\/li>\n<li>Vastuv\u00f5tt avatud\u00a024h<\/li>\n<\/ul>\n<p><strong>Majutuse hinnas sisaldub:<\/strong><\/p>\n<ul>\n<li>Majutus,<\/li>\n<li>hommikus\u00f6\u00f6k,<\/li>\n<li>hommikumantli kasutamine,<\/li>\n<li>ujula ja j\u00f5usaali kasutamine kl 7.00 \u2013 22.30,<\/li>\n<li>saunakeskuse kasutamine kl 9.30 \u2013 22.30,<\/li>\n<li>lastekeskuse piiramatu kasutamine iga p\u00e4ev 10.00-21:00<\/li>\n<li>tasuta p\u00e4\u00e4s siseuisuv\u00e4ljakule<\/li>\n<li>P\u00fchap\u00e4evadel 12.00-14.00 pakub lastekeskus organiseeritud pereprogrammi<\/li>\n<li>Tasuta parkimine hotelli on valveta parklas<\/li>\n<\/ul>\n<p>&nbsp;<\/p>\n<p><strong>Lapsed meie spaa hotellis<\/strong><\/p>\n<ul>\n<li>Kuni 2 aastased lapsed ilma lisavoodita majutuvad TASUTA (soovi korral beebivoodi) .<\/li>\n<li>Lapsed 3-6 aastased lisavoodil 15\u20ac \/\u00f6\u00f6p\u00e4ev.<\/li>\n<li>7-15 aastased lapsed lisavoodil 30 \u20ac \/\u00f6\u00f6p\u00e4ev.<\/li>\n<li>Lapsed alates 16 eluaastast ja t\u00e4iskasvanud lisavoodil 45 \u20ac\/\u00f6\u00f6p\u00e4ev<\/li>\n<\/ul>\n<p>Hotelli kontaktid:<br \/>\nTelefon: +372\u00a06061 000<br \/>\nE-mail:<a href=\"mailto:%CAhotell@spatallinn.ee\">\u00a0hotell@spatallinn.ee<\/a><\/p>\n","protected":false},"excerpt":{"rendered":"<p>Tallinn Viimsi SPA on spaa- ja hotellikompleks Viimsi poolsaarel, Tallinna kesklinnast 15 minutise autos\u00f5idu kaugusel. Tallinn Viimsi SPA hotellis on teil v\u00f5imalus aktiivselt ja tervislikult puhata ning l\u00f5\u00f5gastuda. Hotellis on 110 kaasaegselt sisustatud numbrituba, ilu-&#8230;<\/p>\n","protected":false},"author":1,"featured_media":13247,"parent":0,"menu_order":0,"comment_status":"open","ping_status":"closed","template":"","meta":{"_acf_changed":false,"footnotes":""},"class_list":["post-2045","page","type-page","status-publish","has-post-thumbnail","hentry"],"acf":[],"yoast_head":"<!-- This site is optimized with the Yoast SEO plugin v25.0 - https:\/\/yoast.com\/wordpress\/plugins\/seo\/ -->\n<title>Hotel near Atlantis H2O Aquapark | Tallinn Viimsi SPA Hotel<\/title>\n<meta name=\"description\" content=\"Atlantis H2O Aquapark is located next to Tallinn Viimsi SPA Hotel. The complex also features a cinema theatre spa pool &amp; sauna area, kids centre, SPA18+\" \/>\n<meta name=\"robots\" content=\"index, follow, max-snippet:-1, max-image-preview:large, max-video-preview:-1\" \/>\n<link rel=\"canonical\" href=\"https:\/\/aquapark.ee\/en\/hotel\/\" \/>\n<meta property=\"og:locale\" content=\"en_US\" \/>\n<meta property=\"og:type\" content=\"article\" \/>\n<meta property=\"og:title\" content=\"Hotel near Atlantis H2O Aquapark | Tallinn Viimsi SPA Hotel\" \/>\n<meta property=\"og:description\" content=\"Atlantis H2O Aquapark is located next to Tallinn Viimsi SPA Hotel. The complex also features a cinema theatre spa pool &amp; sauna area, kids centre, SPA18+\" \/>\n<meta property=\"og:url\" content=\"https:\/\/aquapark.ee\/en\/hotel\/\" \/>\n<meta property=\"og:site_name\" content=\"Atlantis H2O Aquapark\" \/>\n<meta property=\"article:modified_time\" content=\"2024-09-25T06:49:13+00:00\" \/>\n<meta property=\"og:image\" content=\"https:\/\/aquapark.ee\/wp-content\/uploads\/2020\/01\/Viimsi-SPA-hotel-renovated-superior-DBL.jpg\" \/>\n\t<meta property=\"og:image:width\" content=\"1920\" \/>\n\t<meta property=\"og:image:height\" content=\"1080\" \/>\n\t<meta property=\"og:image:type\" content=\"image\/jpeg\" \/>\n<meta name=\"twitter:card\" content=\"summary_large_image\" \/>\n<meta name=\"twitter:label1\" content=\"Est. reading time\" \/>\n\t<meta name=\"twitter:data1\" content=\"6 minutes\" \/>\n<script type=\"application\/ld+json\" class=\"yoast-schema-graph\">{\"@context\":\"https:\/\/schema.org\",\"@graph\":[{\"@type\":\"WebPage\",\"@id\":\"https:\/\/aquapark.ee\/en\/hotel\/\",\"url\":\"https:\/\/aquapark.ee\/en\/hotel\/\",\"name\":\"Hotel near Atlantis H2O Aquapark | Tallinn Viimsi SPA Hotel\",\"isPartOf\":{\"@id\":\"https:\/\/aquapark.ee\/#website\"},\"primaryImageOfPage\":{\"@id\":\"https:\/\/aquapark.ee\/en\/hotel\/#primaryimage\"},\"image\":{\"@id\":\"https:\/\/aquapark.ee\/en\/hotel\/#primaryimage\"},\"thumbnailUrl\":\"https:\/\/aquapark.ee\/wp-content\/uploads\/2020\/01\/Viimsi-SPA-hotel-renovated-superior-DBL.jpg\",\"datePublished\":\"2015-04-22T12:08:28+00:00\",\"dateModified\":\"2024-09-25T06:49:13+00:00\",\"description\":\"Atlantis H2O Aquapark is located next to Tallinn Viimsi SPA Hotel. The complex also features a cinema theatre spa pool & sauna area, kids centre, SPA18+\",\"breadcrumb\":{\"@id\":\"https:\/\/aquapark.ee\/en\/hotel\/#breadcrumb\"},\"inLanguage\":\"en-US\",\"potentialAction\":[{\"@type\":\"ReadAction\",\"target\":[\"https:\/\/aquapark.ee\/en\/hotel\/\"]}]},{\"@type\":\"ImageObject\",\"inLanguage\":\"en-US\",\"@id\":\"https:\/\/aquapark.ee\/en\/hotel\/#primaryimage\",\"url\":\"https:\/\/aquapark.ee\/wp-content\/uploads\/2020\/01\/Viimsi-SPA-hotel-renovated-superior-DBL.jpg\",\"contentUrl\":\"https:\/\/aquapark.ee\/wp-content\/uploads\/2020\/01\/Viimsi-SPA-hotel-renovated-superior-DBL.jpg\",\"width\":1920,\"height\":1080},{\"@type\":\"BreadcrumbList\",\"@id\":\"https:\/\/aquapark.ee\/en\/hotel\/#breadcrumb\",\"itemListElement\":[{\"@type\":\"ListItem\",\"position\":1,\"name\":\"Home\",\"item\":\"https:\/\/aquapark.ee\/en\/\"},{\"@type\":\"ListItem\",\"position\":2,\"name\":\"Tallinn Viimsi SPA Hotel\"}]},{\"@type\":\"WebSite\",\"@id\":\"https:\/\/aquapark.ee\/#website\",\"url\":\"https:\/\/aquapark.ee\/\",\"name\":\"Atlantis H2O Aquapark\",\"description\":\"\",\"potentialAction\":[{\"@type\":\"SearchAction\",\"target\":{\"@type\":\"EntryPoint\",\"urlTemplate\":\"https:\/\/aquapark.ee\/?s={search_term_string}\"},\"query-input\":{\"@type\":\"PropertyValueSpecification\",\"valueRequired\":true,\"valueName\":\"search_term_string\"}}],\"inLanguage\":\"en-US\"}]}<\/script>\n<!-- \/ Yoast SEO plugin. -->","yoast_head_json":{"title":"Hotel near Atlantis H2O Aquapark | Tallinn Viimsi SPA Hotel","description":"Atlantis H2O Aquapark is located next to Tallinn Viimsi SPA Hotel. The complex also features a cinema theatre spa pool & sauna area, kids centre, SPA18+","robots":{"index":"index","follow":"follow","max-snippet":"max-snippet:-1","max-image-preview":"max-image-preview:large","max-video-preview":"max-video-preview:-1"},"canonical":"https:\/\/aquapark.ee\/en\/hotel\/","og_locale":"en_US","og_type":"article","og_title":"Hotel near Atlantis H2O Aquapark | Tallinn Viimsi SPA Hotel","og_description":"Atlantis H2O Aquapark is located next to Tallinn Viimsi SPA Hotel. The complex also features a cinema theatre spa pool & sauna area, kids centre, SPA18+","og_url":"https:\/\/aquapark.ee\/en\/hotel\/","og_site_name":"Atlantis H2O Aquapark","article_modified_time":"2024-09-25T06:49:13+00:00","og_image":[{"width":1920,"height":1080,"url":"https:\/\/aquapark.ee\/wp-content\/uploads\/2020\/01\/Viimsi-SPA-hotel-renovated-superior-DBL.jpg","type":"image\/jpeg"}],"twitter_card":"summary_large_image","twitter_misc":{"Est. reading time":"6 minutes"},"schema":{"@context":"https:\/\/schema.org","@graph":[{"@type":"WebPage","@id":"https:\/\/aquapark.ee\/en\/hotel\/","url":"https:\/\/aquapark.ee\/en\/hotel\/","name":"Hotel near Atlantis H2O Aquapark | Tallinn Viimsi SPA Hotel","isPartOf":{"@id":"https:\/\/aquapark.ee\/#website"},"primaryImageOfPage":{"@id":"https:\/\/aquapark.ee\/en\/hotel\/#primaryimage"},"image":{"@id":"https:\/\/aquapark.ee\/en\/hotel\/#primaryimage"},"thumbnailUrl":"https:\/\/aquapark.ee\/wp-content\/uploads\/2020\/01\/Viimsi-SPA-hotel-renovated-superior-DBL.jpg","datePublished":"2015-04-22T12:08:28+00:00","dateModified":"2024-09-25T06:49:13+00:00","description":"Atlantis H2O Aquapark is located next to Tallinn Viimsi SPA Hotel. The complex also features a cinema theatre spa pool & sauna area, kids centre, SPA18+","breadcrumb":{"@id":"https:\/\/aquapark.ee\/en\/hotel\/#breadcrumb"},"inLanguage":"en-US","potentialAction":[{"@type":"ReadAction","target":["https:\/\/aquapark.ee\/en\/hotel\/"]}]},{"@type":"ImageObject","inLanguage":"en-US","@id":"https:\/\/aquapark.ee\/en\/hotel\/#primaryimage","url":"https:\/\/aquapark.ee\/wp-content\/uploads\/2020\/01\/Viimsi-SPA-hotel-renovated-superior-DBL.jpg","contentUrl":"https:\/\/aquapark.ee\/wp-content\/uploads\/2020\/01\/Viimsi-SPA-hotel-renovated-superior-DBL.jpg","width":1920,"height":1080},{"@type":"BreadcrumbList","@id":"https:\/\/aquapark.ee\/en\/hotel\/#breadcrumb","itemListElement":[{"@type":"ListItem","position":1,"name":"Home","item":"https:\/\/aquapark.ee\/en\/"},{"@type":"ListItem","position":2,"name":"Tallinn Viimsi SPA Hotel"}]},{"@type":"WebSite","@id":"https:\/\/aquapark.ee\/#website","url":"https:\/\/aquapark.ee\/","name":"Atlantis H2O Aquapark","description":"","potentialAction":[{"@type":"SearchAction","target":{"@type":"EntryPoint","urlTemplate":"https:\/\/aquapark.ee\/?s={search_term_string}"},"query-input":{"@type":"PropertyValueSpecification","valueRequired":true,"valueName":"search_term_string"}}],"inLanguage":"en-US"}]}},"_links":{"self":[{"href":"https:\/\/aquapark.ee\/en\/wp-json\/wp\/v2\/pages\/2045","targetHints":{"allow":["GET"]}}],"collection":[{"href":"https:\/\/aquapark.ee\/en\/wp-json\/wp\/v2\/pages"}],"about":[{"href":"https:\/\/aquapark.ee\/en\/wp-json\/wp\/v2\/types\/page"}],"author":[{"embeddable":true,"href":"https:\/\/aquapark.ee\/en\/wp-json\/wp\/v2\/users\/1"}],"replies":[{"embeddable":true,"href":"https:\/\/aquapark.ee\/en\/wp-json\/wp\/v2\/comments?post=2045"}],"version-history":[{"count":5,"href":"https:\/\/aquapark.ee\/en\/wp-json\/wp\/v2\/pages\/2045\/revisions"}],"predecessor-version":[{"id":16879,"href":"https:\/\/aquapark.ee\/en\/wp-json\/wp\/v2\/pages\/2045\/revisions\/16879"}],"wp:featuredmedia":[{"embeddable":true,"href":"https:\/\/aquapark.ee\/en\/wp-json\/wp\/v2\/media\/13247"}],"wp:attachment":[{"href":"https:\/\/aquapark.ee\/en\/wp-json\/wp\/v2\/media?parent=2045"}],"curies":[{"name":"wp","href":"https:\/\/api.w.org\/{rel}","templated":true}]}}