{"id":5459,"date":"2015-08-05T10:43:33","date_gmt":"2015-08-05T10:43:33","guid":{"rendered":"http:\/\/aquapark.ee\/veekeskuse-kulastaja-meelespea-2\/"},"modified":"2018-01-15T06:35:23","modified_gmt":"2018-01-15T06:35:23","slug":"atgadinajums-akvaparka-apmekletajam","status":"publish","type":"page","link":"https:\/\/aquapark.ee\/lv\/atgadinajums-akvaparka-apmekletajam\/","title":{"rendered":"Atg\u0101din\u0101jums akvaparka apmekl\u0113t\u0101jam"},"content":{"rendered":"","protected":false},"excerpt":{"rendered":"","protected":false},"author":2,"featured_media":0,"parent":0,"menu_order":0,"comment_status":"open","ping_status":"open","template":"","meta":{"_acf_changed":false,"footnotes":""},"class_list":["post-5459","page","type-page","status-publish","hentry"],"acf":[],"yoast_head":"<!-- This site is optimized with the Yoast SEO plugin v25.0 - https:\/\/yoast.com\/wordpress\/plugins\/seo\/ -->\n<title>Atg\u0101din\u0101jums akvaparka apmekl\u0113t\u0101jam | Atlantis H2O Aquapark<\/title>\n<meta name=\"robots\" content=\"index, follow, max-snippet:-1, max-image-preview:large, max-video-preview:-1\" \/>\n<link rel=\"canonical\" href=\"https:\/\/aquapark.ee\/lv\/atgadinajums-akvaparka-apmekletajam\/\" \/>\n<meta property=\"og:locale\" content=\"lv_LV\" \/>\n<meta property=\"og:type\" content=\"article\" \/>\n<meta property=\"og:title\" content=\"Atg\u0101din\u0101jums akvaparka apmekl\u0113t\u0101jam | Atlantis H2O Aquapark\" \/>\n<meta property=\"og:url\" content=\"https:\/\/aquapark.ee\/lv\/atgadinajums-akvaparka-apmekletajam\/\" \/>\n<meta property=\"og:site_name\" content=\"Atlantis H2O Aquapark\" \/>\n<meta property=\"article:modified_time\" content=\"2018-01-15T06:35:23+00:00\" \/>\n<meta name=\"twitter:card\" content=\"summary_large_image\" \/>\n<script type=\"application\/ld+json\" class=\"yoast-schema-graph\">{\"@context\":\"https:\/\/schema.org\",\"@graph\":[{\"@type\":\"WebPage\",\"@id\":\"https:\/\/aquapark.ee\/lv\/atgadinajums-akvaparka-apmekletajam\/\",\"url\":\"https:\/\/aquapark.ee\/lv\/atgadinajums-akvaparka-apmekletajam\/\",\"name\":\"Atg\u0101din\u0101jums akvaparka apmekl\u0113t\u0101jam | Atlantis H2O Aquapark\",\"isPartOf\":{\"@id\":\"https:\/\/aquapark.ee\/#website\"},\"datePublished\":\"2015-08-05T10:43:33+00:00\",\"dateModified\":\"2018-01-15T06:35:23+00:00\",\"breadcrumb\":{\"@id\":\"https:\/\/aquapark.ee\/lv\/atgadinajums-akvaparka-apmekletajam\/#breadcrumb\"},\"inLanguage\":\"lv-LV\",\"potentialAction\":[{\"@type\":\"ReadAction\",\"target\":[\"https:\/\/aquapark.ee\/lv\/atgadinajums-akvaparka-apmekletajam\/\"]}]},{\"@type\":\"BreadcrumbList\",\"@id\":\"https:\/\/aquapark.ee\/lv\/atgadinajums-akvaparka-apmekletajam\/#breadcrumb\",\"itemListElement\":[{\"@type\":\"ListItem\",\"position\":1,\"name\":\"Home\",\"item\":\"https:\/\/aquapark.ee\/lv\/\"},{\"@type\":\"ListItem\",\"position\":2,\"name\":\"Atg\u0101din\u0101jums akvaparka apmekl\u0113t\u0101jam\"}]},{\"@type\":\"WebSite\",\"@id\":\"https:\/\/aquapark.ee\/#website\",\"url\":\"https:\/\/aquapark.ee\/\",\"name\":\"Atlantis H2O Aquapark\",\"description\":\"\",\"potentialAction\":[{\"@type\":\"SearchAction\",\"target\":{\"@type\":\"EntryPoint\",\"urlTemplate\":\"https:\/\/aquapark.ee\/?s={search_term_string}\"},\"query-input\":{\"@type\":\"PropertyValueSpecification\",\"valueRequired\":true,\"valueName\":\"search_term_string\"}}],\"inLanguage\":\"lv-LV\"}]}<\/script>\n<!-- \/ Yoast SEO plugin. -->","yoast_head_json":{"title":"Atg\u0101din\u0101jums akvaparka apmekl\u0113t\u0101jam | Atlantis H2O Aquapark","robots":{"index":"index","follow":"follow","max-snippet":"max-snippet:-1","max-image-preview":"max-image-preview:large","max-video-preview":"max-video-preview:-1"},"canonical":"https:\/\/aquapark.ee\/lv\/atgadinajums-akvaparka-apmekletajam\/","og_locale":"lv_LV","og_type":"article","og_title":"Atg\u0101din\u0101jums akvaparka apmekl\u0113t\u0101jam | Atlantis H2O Aquapark","og_url":"https:\/\/aquapark.ee\/lv\/atgadinajums-akvaparka-apmekletajam\/","og_site_name":"Atlantis H2O Aquapark","article_modified_time":"2018-01-15T06:35:23+00:00","twitter_card":"summary_large_image","schema":{"@context":"https:\/\/schema.org","@graph":[{"@type":"WebPage","@id":"https:\/\/aquapark.ee\/lv\/atgadinajums-akvaparka-apmekletajam\/","url":"https:\/\/aquapark.ee\/lv\/atgadinajums-akvaparka-apmekletajam\/","name":"Atg\u0101din\u0101jums akvaparka apmekl\u0113t\u0101jam | Atlantis H2O Aquapark","isPartOf":{"@id":"https:\/\/aquapark.ee\/#website"},"datePublished":"2015-08-05T10:43:33+00:00","dateModified":"2018-01-15T06:35:23+00:00","breadcrumb":{"@id":"https:\/\/aquapark.ee\/lv\/atgadinajums-akvaparka-apmekletajam\/#breadcrumb"},"inLanguage":"lv-LV","potentialAction":[{"@type":"ReadAction","target":["https:\/\/aquapark.ee\/lv\/atgadinajums-akvaparka-apmekletajam\/"]}]},{"@type":"BreadcrumbList","@id":"https:\/\/aquapark.ee\/lv\/atgadinajums-akvaparka-apmekletajam\/#breadcrumb","itemListElement":[{"@type":"ListItem","position":1,"name":"Home","item":"https:\/\/aquapark.ee\/lv\/"},{"@type":"ListItem","position":2,"name":"Atg\u0101din\u0101jums akvaparka apmekl\u0113t\u0101jam"}]},{"@type":"WebSite","@id":"https:\/\/aquapark.ee\/#website","url":"https:\/\/aquapark.ee\/","name":"Atlantis H2O Aquapark","description":"","potentialAction":[{"@type":"SearchAction","target":{"@type":"EntryPoint","urlTemplate":"https:\/\/aquapark.ee\/?s={search_term_string}"},"query-input":{"@type":"PropertyValueSpecification","valueRequired":true,"valueName":"search_term_string"}}],"inLanguage":"lv-LV"}]}},"_links":{"self":[{"href":"https:\/\/aquapark.ee\/lv\/wp-json\/wp\/v2\/pages\/5459","targetHints":{"allow":["GET"]}}],"collection":[{"href":"https:\/\/aquapark.ee\/lv\/wp-json\/wp\/v2\/pages"}],"about":[{"href":"https:\/\/aquapark.ee\/lv\/wp-json\/wp\/v2\/types\/page"}],"author":[{"embeddable":true,"href":"https:\/\/aquapark.ee\/lv\/wp-json\/wp\/v2\/users\/2"}],"replies":[{"embeddable":true,"href":"https:\/\/aquapark.ee\/lv\/wp-json\/wp\/v2\/comments?post=5459"}],"version-history":[{"count":3,"href":"https:\/\/aquapark.ee\/lv\/wp-json\/wp\/v2\/pages\/5459\/revisions"}],"predecessor-version":[{"id":10220,"href":"https:\/\/aquapark.ee\/lv\/wp-json\/wp\/v2\/pages\/5459\/revisions\/10220"}],"wp:attachment":[{"href":"https:\/\/aquapark.ee\/lv\/wp-json\/wp\/v2\/media?parent=5459"}],"curies":[{"name":"wp","href":"https:\/\/api.w.org\/{rel}","templated":true}]}}